{"id":312,"date":"2022-01-18T18:54:38","date_gmt":"2022-01-18T21:54:38","guid":{"rendered":"http:\/\/onedivepb.com\/?page_id=312"},"modified":"2022-07-28T18:30:46","modified_gmt":"2022-07-28T21:30:46","slug":"gracias-por-contactarte","status":"publish","type":"page","link":"https:\/\/onedivepb.com\/?page_id=312","title":{"rendered":""},"content":{"rendered":"<div class=\"vce-row-container\" data-vce-boxed-width=\"true\"><div class=\"vce-row vce-row--col-gap-30 vce-row-equal-height vce-row-content--top\" id=\"el-33aba420\" data-vce-do-apply=\"all el-33aba420\"><div class=\"vce-row-content\" data-vce-element-content=\"true\"><div class=\"vce-col vce-col--md-92p vce-col--xs-1 vce-col--xs-last vce-col--xs-first vce-col--sm-last vce-col--sm-first vce-col--md-first vce-col--lg-first vce-col--xl-first\" id=\"el-c2d77a87\"><div class=\"vce-col-inner\" data-vce-do-apply=\"border margin background  el-c2d77a87\"><div class=\"vce-col-content\" data-vce-element-content=\"true\" data-vce-do-apply=\"padding el-c2d77a87\"><div class=\"vce-text-block\"><div class=\"vce-text-block-wrapper vce\" id=\"el-bdf85afc\" data-vce-do-apply=\"all el-bdf85afc\"><blockquote><h2 style=\"text-align: center;\"><strong><span style=\"font-family: Arial, Helvetica, sans-serif; font-size: 18px;\">Somos una escuela de buceo recreativo con Certificaci\u00f3n Internacional PADI en Puerto Belgrano, Mar del Plata y R\u00edo Grande TDF.<\/span><\/strong><\/h2><\/blockquote><\/div><\/div><\/div><\/div><\/div><div class=\"vce-col vce-col--md-8p vce-col--xs-1 vce-col--xs-last vce-col--xs-first vce-col--sm-last vce-col--sm-first vce-col--md-last vce-col--lg-last vce-col--xl-last\" id=\"el-e5a8be95\"><div class=\"vce-col-inner\" data-vce-do-apply=\"border margin background  el-e5a8be95\"><div class=\"vce-col-content\" data-vce-element-content=\"true\" data-vce-do-apply=\"padding el-e5a8be95\"><div><\/div><\/div><\/div><\/div><\/div><\/div><\/div><div class=\"vce-row-container\" data-vce-boxed-width=\"true\"><div class=\"vce-row vce-row--col-gap-30 vce-row-equal-height vce-row-content--top\" id=\"el-df572a6b\" data-vce-do-apply=\"all el-df572a6b\"><div class=\"vce-row-content\" data-vce-element-content=\"true\"><div class=\"vce-col vce-col--md-auto vce-col--xs-1 vce-col--xs-last vce-col--xs-first vce-col--sm-last vce-col--sm-first vce-col--md-last vce-col--lg-last vce-col--xl-last vce-col--md-first vce-col--lg-first vce-col--xl-first\" id=\"el-3a33c18d\"><div class=\"vce-col-inner\" data-vce-do-apply=\"border margin background  el-3a33c18d\"><div class=\"vce-col-content\" data-vce-element-content=\"true\" data-vce-do-apply=\"padding el-3a33c18d\"><div class=\"vce-features vce-var-icon vce-features--style-filled-circle vce-features--size-medium\" style=\"--text-align:center; --iconColor:#fff; --iconColorHover:#fff; --shapeColor:rgb(72, 75, 199); --shapeColorHover:rgb(72, 75, 199); --linkColorHover:rgb(64,67,178);\"><div id=\"el-a8242636\" class=\"vce vce-features-icon-wrapper\" data-vce-do-apply=\"all el-a8242636\"><a class=\"vce-features--icon vce-icon\" href=\"https:\/\/youtu.be\/fzvh8qKo-7k\" title=\"\u00bfQui\u00e9nes somos?\"><svg xmlns=\"https:\/\/www.w3.org\/2000\/svg\" viewBox=\"0 0 769 769\"><path stroke-width=\"25\" d=\"M565.755 696.27h-360l-180-311.77 180-311.77h360l180 311.77z\"><\/path><\/svg><span class=\"vce-icon-container fa fa-video-camera\"><\/span><\/a><\/div><\/div><\/div><\/div><\/div><\/div><\/div><\/div><div class=\"vce-row-container\" data-vce-boxed-width=\"true\"><div class=\"vce-row vce-row--col-gap-30 vce-row-equal-height vce-row-content--top\" id=\"el-fa57f542\" data-vce-do-apply=\"all el-fa57f542\"><div class=\"vce-row-content\" data-vce-element-content=\"true\"><div class=\"vce-col vce-col--md-auto vce-col--xs-1 vce-col--xs-last vce-col--xs-first vce-col--sm-last vce-col--sm-first vce-col--md-last vce-col--lg-last vce-col--xl-last vce-col--md-first vce-col--lg-first vce-col--xl-first\" id=\"el-3d8f10ce\"><div class=\"vce-col-inner\" data-vce-do-apply=\"border margin background  el-3d8f10ce\"><div class=\"vce-col-content\" data-vce-element-content=\"true\" data-vce-do-apply=\"padding el-3d8f10ce\"><div class=\"vce-faq-toggle vce-faq-toggle-color--fff vce-faq-toggle-shape-color--1D64C5 vce-faq-toggle-shape--rounded\"><div class=\"vce-faq-toggle-wrapper vce\" id=\"el-c89f8c13\" data-vce-do-apply=\"margin padding border background  el-c89f8c13\"><div class=\"vce-faq-toggle-inner\"><div class=\"vce-faq-toggle-title\"><h3 class=\"vce-faq-toggle-title-text\" aria-controls=\"faqToggle-c89f8c13\" aria-expanded=\"false\"><i class=\"vce-faq-toggle-icon\"><\/i>\u00bfPor qu\u00e9 el motivo de su nombre?<\/h3><\/div><div class=\"vce-faq-toggle-text-block\" role=\"region\" id=\"faqToggle-c89f8c13\"><p>Con un solo buceo, descubrir\u00e1s la pasi\u00f3n por el mundo subacu\u00e1tico, un mundo nuevo maravilloso nuevo por descubrir junto al profesionalismo de la ense\u00f1anza PADI.<\/p><\/div><\/div><\/div><\/div><\/div><\/div><\/div><\/div><\/div><\/div><div class=\"vce-row-container\" data-vce-boxed-width=\"true\"><div class=\"vce-row vce-row--col-gap-30 vce-row-equal-height vce-row-content--top\" id=\"el-1f7fbb10\" data-vce-do-apply=\"all el-1f7fbb10\"><div class=\"vce-row-content\" data-vce-element-content=\"true\"><div class=\"vce-col vce-col--md-auto vce-col--xs-1 vce-col--xs-last vce-col--xs-first vce-col--sm-last vce-col--sm-first vce-col--md-last vce-col--lg-last vce-col--xl-last vce-col--md-first vce-col--lg-first vce-col--xl-first\" id=\"el-e9b1e5bf\"><div class=\"vce-col-inner\" data-vce-do-apply=\"border margin background  el-e9b1e5bf\"><div class=\"vce-col-content\" data-vce-element-content=\"true\" data-vce-do-apply=\"padding el-e9b1e5bf\"><div class=\"vce-faq-toggle vce-faq-toggle-color--fff vce-faq-toggle-shape-color--1D64C5 vce-faq-toggle-shape--rounded\"><div class=\"vce-faq-toggle-wrapper vce\" id=\"el-69e7b14e\" data-vce-do-apply=\"margin padding border background  el-69e7b14e\"><div class=\"vce-faq-toggle-inner\"><div class=\"vce-faq-toggle-title\"><h3 class=\"vce-faq-toggle-title-text\" aria-controls=\"faqToggle-69e7b14e\" aria-expanded=\"false\"><i class=\"vce-faq-toggle-icon\"><\/i>Acerca de nuestro escudo.<\/h3><\/div><div class=\"vce-faq-toggle-text-block\" role=\"region\" id=\"faqToggle-69e7b14e\"><p><img loading=\"lazy\" decoding=\"async\" class=\"aligncenter wp-image-377 size-medium\" src=\"https:\/\/onedivepb.com\/wp-content\/uploads\/2022\/07\/WhatsApp-Image-2022-07-27-at-6.07.54-PM-248x300.jpeg\" alt=\"\" width=\"248\" height=\"300\" srcset=\"https:\/\/onedivepb.com\/wp-content\/uploads\/2022\/07\/WhatsApp-Image-2022-07-27-at-6.07.54-PM-248x300.jpeg 248w, https:\/\/onedivepb.com\/wp-content\/uploads\/2022\/07\/WhatsApp-Image-2022-07-27-at-6.07.54-PM.jpeg 409w\" sizes=\"(max-width: 248px) 100vw, 248px\" \/><\/p>\n<p>El numero 1 inicia en la superficie y se adentra a las profundidades del mar terminando en forma ancorada, ya que la Escuela surge a la sombra de la Armada Argentina. De modo similar como los marinos cuidan las \u201cpampas azules\u201d as\u00ed tambi\u00e9n los buzos cuidamos subacu\u00e1ticamente el oc\u00e9ano y sus habitantes. El buzo del escudo porta los colores internacionales de la bandera de buzo (rojo, blanco y rojo). En la superficie en el firmamento precede una estrella cuyos rayos alcanzan a la superficie y la traspasan, siendo el s\u00edmbolo de Mar\u00eda Estrella del Mar, quien protege a los marinos y a los buzos. La estrella es amarilla, color del sol, pues Cristo Sol naciente es el dador de toda vida en el cielo, la tierra y los mares.<\/p><\/div><\/div><\/div><\/div><\/div><\/div><\/div><\/div><\/div><\/div><div class=\"vce-row-container\" data-vce-boxed-width=\"true\"><div class=\"vce-row vce-row--col-gap-30 vce-row-equal-height vce-row-content--top\" id=\"el-eb4f0282\" data-vce-do-apply=\"all el-eb4f0282\"><div class=\"vce-row-content\" data-vce-element-content=\"true\"><div class=\"vce-col vce-col--md-auto vce-col--xs-1 vce-col--xs-last vce-col--xs-first vce-col--sm-last vce-col--sm-first vce-col--md-last vce-col--lg-last vce-col--xl-last vce-col--md-first vce-col--lg-first vce-col--xl-first\" id=\"el-5c1dec8a\"><div class=\"vce-col-inner\" data-vce-do-apply=\"border margin background  el-5c1dec8a\"><div class=\"vce-col-content\" data-vce-element-content=\"true\" data-vce-do-apply=\"padding el-5c1dec8a\"><div class=\"vce-faq-toggle vce-faq-toggle-color--fff vce-faq-toggle-shape-color--1D64C5 vce-faq-toggle-shape--rounded\"><div class=\"vce-faq-toggle-wrapper vce\" id=\"el-f2c32086\" data-vce-do-apply=\"margin padding border background  el-f2c32086\"><div class=\"vce-faq-toggle-inner\"><div class=\"vce-faq-toggle-title\"><h3 class=\"vce-faq-toggle-title-text\" aria-controls=\"faqToggle-f2c32086\" aria-expanded=\"false\"><i class=\"vce-faq-toggle-icon\"><\/i>\u00bfCu\u00e1l es nuestra filosof\u00eda? <\/h3><\/div><div class=\"vce-faq-toggle-text-block\" role=\"region\" id=\"faqToggle-f2c32086\"><p>Buceamos para DIVERTIRNOS y de modo SEGURO.<\/p><\/div><\/div><\/div><\/div><\/div><\/div><\/div><\/div><\/div><\/div><div class=\"vce-row-container\" data-vce-boxed-width=\"true\"><div class=\"vce-row vce-row--col-gap-30 vce-row-equal-height vce-row-content--top\" id=\"el-20c95634\" data-vce-do-apply=\"all el-20c95634\"><div class=\"vce-row-content\" data-vce-element-content=\"true\"><div class=\"vce-col vce-col--md-auto vce-col--xs-1 vce-col--xs-last vce-col--xs-first vce-col--sm-last vce-col--sm-first vce-col--md-last vce-col--lg-last vce-col--xl-last vce-col--md-first vce-col--lg-first vce-col--xl-first\" id=\"el-e741fb8a\"><div class=\"vce-col-inner\" data-vce-do-apply=\"border margin background  el-e741fb8a\"><div class=\"vce-col-content\" data-vce-element-content=\"true\" data-vce-do-apply=\"padding el-e741fb8a\"><div class=\"vce-faq-toggle vce-faq-toggle-color--fff vce-faq-toggle-shape-color--1D64C5 vce-faq-toggle-shape--rounded\"><div class=\"vce-faq-toggle-wrapper vce\" id=\"el-febab6ac\" data-vce-do-apply=\"margin padding border background  el-febab6ac\"><div class=\"vce-faq-toggle-inner\"><div class=\"vce-faq-toggle-title\"><h3 class=\"vce-faq-toggle-title-text\" aria-controls=\"faqToggle-febab6ac\" aria-expanded=\"false\"><i class=\"vce-faq-toggle-icon\"><\/i> \u00bfQu\u00e9 es PADI?<\/h3><\/div><div class=\"vce-faq-toggle-text-block\" role=\"region\" id=\"faqToggle-febab6ac\"><p><img loading=\"lazy\" decoding=\"async\" class=\"size-medium wp-image-378 aligncenter\" src=\"https:\/\/onedivepb.com\/wp-content\/uploads\/2022\/07\/PADI-LOGO-300x129.jpg\" alt=\"\" width=\"300\" height=\"129\" srcset=\"https:\/\/onedivepb.com\/wp-content\/uploads\/2022\/07\/PADI-LOGO-300x129.jpg 300w, https:\/\/onedivepb.com\/wp-content\/uploads\/2022\/07\/PADI-LOGO-768x331.jpg 768w, https:\/\/onedivepb.com\/wp-content\/uploads\/2022\/07\/PADI-LOGO.jpg 980w\" sizes=\"(max-width: 300px) 100vw, 300px\" \/><\/p>\n<p><span style=\"font-size: 1.125rem;\">PADI Professional Association of Diving Instructors. Es la organizaci\u00f3n l\u00edder mundial de entrenamiento de bu<\/span><span style=\"font-size: 1.125rem;\">ceo.<\/span><\/p>\n<p>Con m\u00e1s de 66.00 PADI Dive Centers y Resorts, y m\u00e1s de 137.000 Profesionales PADI individuales que han expedido m\u00e1s de 27 millones de certificaciones en todo el mundo, encontrar\u00e1s cu<span style=\"font-size: 1.125rem;\">rsos y servicios de buceo PADI casi en cualquier parte. <\/span><\/p>\n<p><span style=\"font-size: 1.125rem;\">Los PADI Instructors han guiado con seguridad a los buceadores bajo la superficie durante m\u00e1s de 50 a\u00f1os. Ense\u00f1<\/span><span style=\"font-size: 1.125rem;\">ando el curr\u00edculo de buceo m\u00e1s popular del mundo, han transformado vidas y han abierto los corazones y las mentes a la belleza oculta de la creaci\u00f3n de la naturaleza y nuestra obligaci\u00f3n de protegerla.<\/span><\/p><\/div><\/div><\/div><\/div><\/div><\/div><\/div><\/div><\/div><\/div><div class=\"vce-row-container\" data-vce-boxed-width=\"true\"><div class=\"vce-row vce-row--col-gap-30 vce-row-equal-height vce-row-content--top\" id=\"el-fd0ef713\" data-vce-do-apply=\"all el-fd0ef713\"><div class=\"vce-row-content\" data-vce-element-content=\"true\"><div class=\"vce-col vce-col--md-auto vce-col--xs-1 vce-col--xs-last vce-col--xs-first vce-col--sm-last vce-col--sm-first vce-col--md-last vce-col--lg-last vce-col--xl-last vce-col--md-first vce-col--lg-first vce-col--xl-first\" id=\"el-c60047b5\"><div class=\"vce-col-inner\" data-vce-do-apply=\"border margin background  el-c60047b5\"><div class=\"vce-col-content\" data-vce-element-content=\"true\" data-vce-do-apply=\"padding el-c60047b5\"><div class=\"vce-faq-toggle vce-faq-toggle-color--fff vce-faq-toggle-shape-color--1D64C5 vce-faq-toggle-shape--rounded\"><div class=\"vce-faq-toggle-wrapper vce\" id=\"el-111374b4\" data-vce-do-apply=\"margin padding border background  el-111374b4\"><div class=\"vce-faq-toggle-inner\"><div class=\"vce-faq-toggle-title\"><h3 class=\"vce-faq-toggle-title-text\" aria-controls=\"faqToggle-111374b4\" aria-expanded=\"false\"><i class=\"vce-faq-toggle-icon\"><\/i>Staff de One Dive<\/h3><\/div><div class=\"vce-faq-toggle-text-block\" role=\"region\" id=\"faqToggle-111374b4\"><p><img loading=\"lazy\" decoding=\"async\" class=\"alignleft wp-image-379 size-medium\" src=\"https:\/\/onedivepb.com\/wp-content\/uploads\/2022\/07\/WhatsApp-Image-2022-07-27-at-6.29.52-PM-169x300.jpeg\" alt=\"\" width=\"169\" height=\"300\" srcset=\"https:\/\/onedivepb.com\/wp-content\/uploads\/2022\/07\/WhatsApp-Image-2022-07-27-at-6.29.52-PM-169x300.jpeg 169w, https:\/\/onedivepb.com\/wp-content\/uploads\/2022\/07\/WhatsApp-Image-2022-07-27-at-6.29.52-PM-575x1024.jpeg 575w, https:\/\/onedivepb.com\/wp-content\/uploads\/2022\/07\/WhatsApp-Image-2022-07-27-at-6.29.52-PM.jpeg 728w\" sizes=\"(max-width: 169px) 100vw, 169px\" \/><\/p>\n<p style=\"text-align: left;\">Luis Mar\u00eda Berthoud<\/p>\n<p style=\"text-align: left;\">Instructor MSDT #425081 PADI<\/p>\n<p>&nbsp;<\/p>\n<p>&nbsp;<\/p>\n<p>&nbsp;<\/p>\n<p>&nbsp;<\/p>\n<p>&nbsp;<\/p>\n<p><img loading=\"lazy\" decoding=\"async\" class=\"wp-image-381 alignleft\" src=\"https:\/\/onedivepb.com\/wp-content\/uploads\/2022\/07\/Sin-titulo-300x214.png\" alt=\"\" width=\"191\" height=\"136\" srcset=\"https:\/\/onedivepb.com\/wp-content\/uploads\/2022\/07\/Sin-titulo-300x214.png 300w, https:\/\/onedivepb.com\/wp-content\/uploads\/2022\/07\/Sin-titulo-1024x731.png 1024w, https:\/\/onedivepb.com\/wp-content\/uploads\/2022\/07\/Sin-titulo-768x548.png 768w, https:\/\/onedivepb.com\/wp-content\/uploads\/2022\/07\/Sin-titulo.png 1121w\" sizes=\"(max-width: 191px) 100vw, 191px\" \/><span style=\"font-size: 12pt; text-align: right;\">Jonathan Alexis Silva<\/span><\/p>\n<p><span style=\"font-size: 12pt;\">Instructor OWSI #517800 PADI<\/span><\/p><\/div><\/div><\/div><\/div><\/div><\/div><\/div><\/div><\/div><\/div>","protected":false},"excerpt":{"rendered":"<p>Somos una escuela de buceo recreativo con Certificaci\u00f3n Internacional PADI en Puerto Belgrano, Mar del Plata y R\u00edo Grande TDF.\u00bfPor qu\u00e9 el motivo de su nombre?Con un solo buceo, descubrir\u00e1s la pasi\u00f3n por el mundo<span class=\"more-button\"><a href=\"https:\/\/onedivepb.com\/?page_id=312\" class=\"more-link\">Continue reading<span class=\"screen-reader-text\"><\/span><i class=\"fa fa-angle-right\" aria-hidden=\"true\"><\/i><\/a><\/span><\/p>\n","protected":false},"author":1,"featured_media":0,"parent":0,"menu_order":0,"comment_status":"closed","ping_status":"closed","template":"","meta":{"footnotes":"","_joinchat":{"telephone":"+541151369613","message_send":"Bienvenidos a One Dive!! Es una alegr\u00eda que nos hayas podido contactar. Para nosotros tu consulta es MUY IMPORTANTE. Pronto un representante de nuestra escuela se estar\u00e1 comunicando con vos y si tardamos unos minutos en contestarte, es porque est\u00e1bamos dando cursos en el agua \ud83e\udd3f o en clase con teor\u00eda de Buceo \ud83d\ude09\ud83d\udc4c. Muchas gracias, te saludamos los instructores de \"One Dive\" Yony y Luis.","view":"yes"}},"_links":{"self":[{"href":"https:\/\/onedivepb.com\/index.php?rest_route=\/wp\/v2\/pages\/312"}],"collection":[{"href":"https:\/\/onedivepb.com\/index.php?rest_route=\/wp\/v2\/pages"}],"about":[{"href":"https:\/\/onedivepb.com\/index.php?rest_route=\/wp\/v2\/types\/page"}],"author":[{"embeddable":true,"href":"https:\/\/onedivepb.com\/index.php?rest_route=\/wp\/v2\/users\/1"}],"replies":[{"embeddable":true,"href":"https:\/\/onedivepb.com\/index.php?rest_route=%2Fwp%2Fv2%2Fcomments&post=312"}],"version-history":[{"count":6,"href":"https:\/\/onedivepb.com\/index.php?rest_route=\/wp\/v2\/pages\/312\/revisions"}],"predecessor-version":[{"id":408,"href":"https:\/\/onedivepb.com\/index.php?rest_route=\/wp\/v2\/pages\/312\/revisions\/408"}],"wp:attachment":[{"href":"https:\/\/onedivepb.com\/index.php?rest_route=%2Fwp%2Fv2%2Fmedia&parent=312"}],"curies":[{"name":"wp","href":"https:\/\/api.w.org\/{rel}","templated":true}]}}